{"id":10689,"date":"2021-06-13T05:34:21","date_gmt":"2021-06-13T05:34:21","guid":{"rendered":"https:\/\/sardinia.diverstribe.it\/?page_id=10689"},"modified":"2023-05-03T12:09:15","modified_gmt":"2023-05-03T10:09:15","slug":"servicios","status":"publish","type":"page","link":"https:\/\/sardinia.diverstribe.it\/es\/utilities","title":{"rendered":"Utilidades"},"content":{"rendered":"<div data-elementor-type=\"wp-page\" data-elementor-id=\"10689\" class=\"elementor elementor-10689\" data-elementor-post-type=\"page\">\n\t\t\t\t<div class=\"elementor-element elementor-element-fa885a0 e-con-full e-flex e-con e-parent\" data-id=\"fa885a0\" data-element_type=\"container\" data-e-type=\"container\" data-settings=\"{&quot;background_background&quot;:&quot;classic&quot;}\">\n\t\t\t\t<div class=\"elementor-element elementor-element-293b4cd elementor-widget elementor-widget-heading\" data-id=\"293b4cd\" data-element_type=\"widget\" data-e-type=\"widget\" data-widget_type=\"heading.default\">\n\t\t\t\t<div class=\"elementor-widget-container\">\n\t\t\t\t\t<h1 class=\"elementor-heading-title elementor-size-default\">Documentos \u00fatiles<\/h1>\t\t\t\t<\/div>\n\t\t\t\t<\/div>\n\t\t\t\t<div class=\"elementor-element elementor-element-0e1563b elementor-widget elementor-widget-heading\" data-id=\"0e1563b\" data-element_type=\"widget\" data-e-type=\"widget\" data-widget_type=\"heading.default\">\n\t\t\t\t<div class=\"elementor-widget-container\">\n\t\t\t\t\t<h2 class=\"elementor-heading-title elementor-size-default\">Documentos necesarios para realizar las actividades<\/h2>\t\t\t\t<\/div>\n\t\t\t\t<\/div>\n\t\t\t\t<div class=\"elementor-element elementor-element-d9f1cff elementor-widget elementor-widget-heading\" data-id=\"d9f1cff\" data-element_type=\"widget\" data-e-type=\"widget\" data-widget_type=\"heading.default\">\n\t\t\t\t<div class=\"elementor-widget-container\">\n\t\t\t\t\t<p class=\"elementor-heading-title elementor-size-default\">Para cualquier otra informaci\u00f3n, ponte en contacto con nosotros a trav\u00e9s de Whatsapp, correo electr\u00f3nico o ll\u00e1manos por tel\u00e9fono<\/p>\t\t\t\t<\/div>\n\t\t\t\t<\/div>\n\t\t\t\t<\/div>\n\t\t<div class=\"elementor-element elementor-element-dcc0747 e-con-full e-flex e-con e-parent\" data-id=\"dcc0747\" data-element_type=\"container\" data-e-type=\"container\">\n\t\t<div class=\"elementor-element elementor-element-36a23eb e-con-full e-flex e-con e-parent\" data-id=\"36a23eb\" data-element_type=\"container\" data-e-type=\"container\">\n\t\t\t\t<div class=\"elementor-element elementor-element-17281eb elementor-widget__width-auto elementor-view-default elementor-widget elementor-widget-icon\" data-id=\"17281eb\" data-element_type=\"widget\" data-e-type=\"widget\" data-widget_type=\"icon.default\">\n\t\t\t\t<div class=\"elementor-widget-container\">\n\t\t\t\t\t\t\t<div class=\"elementor-icon-wrapper\">\n\t\t\t<div class=\"elementor-icon\">\n\t\t\t<i aria-hidden=\"true\" class=\"fas fa-file-signature\"><\/i>\t\t\t<\/div>\n\t\t<\/div>\n\t\t\t\t\t\t<\/div>\n\t\t\t\t<\/div>\n\t\t\t\t<div class=\"elementor-element elementor-element-7d7eefb elementor-widget-divider--view-line elementor-widget elementor-widget-divider\" data-id=\"7d7eefb\" data-element_type=\"widget\" data-e-type=\"widget\" data-widget_type=\"divider.default\">\n\t\t\t\t<div class=\"elementor-widget-container\">\n\t\t\t\t\t\t\t<div class=\"elementor-divider\">\n\t\t\t<span class=\"elementor-divider-separator\">\n\t\t\t\t\t\t<\/span>\n\t\t<\/div>\n\t\t\t\t\t\t<\/div>\n\t\t\t\t<\/div>\n\t\t\t\t<div class=\"elementor-element elementor-element-4bad25a elementor-widget elementor-widget-heading\" data-id=\"4bad25a\" data-element_type=\"widget\" data-e-type=\"widget\" data-widget_type=\"heading.default\">\n\t\t\t\t<div class=\"elementor-widget-container\">\n\t\t\t\t\t<h5 class=\"elementor-heading-title elementor-size-default\">Formulario de exenci\u00f3n de responsabilidad<\/h5>\t\t\t\t<\/div>\n\t\t\t\t<\/div>\n\t\t\t\t<div class=\"elementor-element elementor-element-2ccb923 elementor-widget elementor-widget-heading\" data-id=\"2ccb923\" data-element_type=\"widget\" data-e-type=\"widget\" data-widget_type=\"heading.default\">\n\t\t\t\t<div class=\"elementor-widget-container\">\n\t\t\t\t\t<h5 class=\"elementor-heading-title elementor-size-default\">Todas nuestras excursiones requieren rellenar este formulario<\/h5>\t\t\t\t<\/div>\n\t\t\t\t<\/div>\n\t\t\t\t<div class=\"elementor-element elementor-element-af83593 elementor-widget elementor-widget-text-editor\" data-id=\"af83593\" data-element_type=\"widget\" data-e-type=\"widget\" data-widget_type=\"text-editor.default\">\n\t\t\t\t<div class=\"elementor-widget-container\">\n\t\t\t\t\t\t\t\t\t<p>Antes de realizar una excursi\u00f3n con nosotros es importante rellenar este formulario para realizar correctamente los tr\u00e1mites de registro. Pedimos a nuestros clientes que rellenen este formulario en la tienda, pero a partir de ahora puedes hacerlo online y ahorrar tiempo antes de la excursi\u00f3n.<\/p><p>Aseg\u00farate de introducir correctamente todos los datos, s\u00f3lo te llevar\u00e1 un par de minutos.<br \/>Despu\u00e9s de enviarla, recibir\u00e1s tambi\u00e9n una copia directamente en tu cuenta de correo electr\u00f3nico.<\/p>\t\t\t\t\t\t\t\t<\/div>\n\t\t\t\t<\/div>\n\t\t\t\t<div class=\"elementor-element elementor-element-9dcc74f elementor-align-justify elementor-widget elementor-widget-button\" data-id=\"9dcc74f\" data-element_type=\"widget\" data-e-type=\"widget\" data-widget_type=\"button.default\">\n\t\t\t\t<div class=\"elementor-widget-container\">\n\t\t\t\t\t\t\t\t\t<div class=\"elementor-button-wrapper\">\n\t\t\t\t\t<a class=\"elementor-button elementor-button-link elementor-size-sm\" href=\"\/es\/formulario-de-descargo-de-responsabilidad\/\">\n\t\t\t\t\t\t<span class=\"elementor-button-content-wrapper\">\n\t\t\t\t\t\t<span class=\"elementor-button-icon\">\n\t\t\t\t<i aria-hidden=\"true\" class=\"fab fa-wpforms\"><\/i>\t\t\t<\/span>\n\t\t\t\t\t\t\t\t\t<span class=\"elementor-button-text\">Ir al formulario online<\/span>\n\t\t\t\t\t<\/span>\n\t\t\t\t\t<\/a>\n\t\t\t\t<\/div>\n\t\t\t\t\t\t\t\t<\/div>\n\t\t\t\t<\/div>\n\t\t\t\t<\/div>\n\t\t<div class=\"elementor-element elementor-element-bb2c433 e-con-full e-flex e-con e-parent\" data-id=\"bb2c433\" data-element_type=\"container\" data-e-type=\"container\">\n\t\t\t\t<div class=\"elementor-element elementor-element-f517e8b elementor-widget__width-auto elementor-view-default elementor-widget elementor-widget-icon\" data-id=\"f517e8b\" data-element_type=\"widget\" data-e-type=\"widget\" data-widget_type=\"icon.default\">\n\t\t\t\t<div class=\"elementor-widget-container\">\n\t\t\t\t\t\t\t<div class=\"elementor-icon-wrapper\">\n\t\t\t<div class=\"elementor-icon\">\n\t\t\t<i aria-hidden=\"true\" class=\"fas fa-file-medical\"><\/i>\t\t\t<\/div>\n\t\t<\/div>\n\t\t\t\t\t\t<\/div>\n\t\t\t\t<\/div>\n\t\t\t\t<div class=\"elementor-element elementor-element-5118693 elementor-widget-tablet__width-auto elementor-widget elementor-widget-heading\" data-id=\"5118693\" data-element_type=\"widget\" data-e-type=\"widget\" data-widget_type=\"heading.default\">\n\t\t\t\t<div class=\"elementor-widget-container\">\n\t\t\t\t\t<p class=\"elementor-heading-title elementor-size-default\">Este formulario es obligatorio para <strong>todas las actividades de buceo<\/strong> hecho con nosotros.<\/p>\t\t\t\t<\/div>\n\t\t\t\t<\/div>\n\t\t\t\t<div class=\"elementor-element elementor-element-a43fcdc elementor-widget-divider--view-line elementor-widget elementor-widget-divider\" data-id=\"a43fcdc\" data-element_type=\"widget\" data-e-type=\"widget\" data-widget_type=\"divider.default\">\n\t\t\t\t<div class=\"elementor-widget-container\">\n\t\t\t\t\t\t\t<div class=\"elementor-divider\">\n\t\t\t<span class=\"elementor-divider-separator\">\n\t\t\t\t\t\t<\/span>\n\t\t<\/div>\n\t\t\t\t\t\t<\/div>\n\t\t\t\t<\/div>\n\t\t\t\t<div class=\"elementor-element elementor-element-e27b362 elementor-widget elementor-widget-heading\" data-id=\"e27b362\" data-element_type=\"widget\" data-e-type=\"widget\" data-widget_type=\"heading.default\">\n\t\t\t\t<div class=\"elementor-widget-container\">\n\t\t\t\t\t<h5 class=\"elementor-heading-title elementor-size-default\">Diver Medical - BUCEO EXCLUSIVO<\/h5>\t\t\t\t<\/div>\n\t\t\t\t<\/div>\n\t\t\t\t<div class=\"elementor-element elementor-element-3de0e4f elementor-widget elementor-widget-text-editor\" data-id=\"3de0e4f\" data-element_type=\"widget\" data-e-type=\"widget\" data-widget_type=\"text-editor.default\">\n\t\t\t\t<div class=\"elementor-widget-container\">\n\t\t\t\t\t\t\t\t\tEl buceo recreativo y la apnea requieren una buena salud f\u00edsica y mental. A continuaci\u00f3n se enumeran algunas afecciones m\u00e9dicas que pueden ser peligrosas durante el buceo. Quienes padezcan alguna de estas afecciones, o est\u00e9n predispuestos a padecerlas, deben ser evaluados por un m\u00e9dico. Este Cuestionario del Participante M\u00e9dico de Buceo proporciona una base para determinar si debes buscar esa evaluaci\u00f3n. Si tienes alguna duda sobre tu aptitud para el buceo que no est\u00e9 representada en este formulario, consulta con tu m\u00e9dico antes de bucear. Si te encuentras mal, evita bucear. Si crees que puedes tener una enfermedad contagiosa, prot\u00e9gete a ti mismo y a los dem\u00e1s no participando en el entrenamiento de buceo y\/o en las actividades de buceo. Las referencias al \"buceo\" en este formulario abarcan tanto el buceo recreativo como la apnea.\n<br>\nEste formulario se ha dise\u00f1ado principalmente como reconocimiento m\u00e9dico inicial para nuevos buceadores, pero tambi\u00e9n es apropiado para buceadores que siguen cursos de formaci\u00f3n continua. Por tu seguridad y la de los dem\u00e1s que puedan bucear contigo, contesta a todas las preguntas con sinceridad.\t\t\t\t\t\t\t\t<\/div>\n\t\t\t\t<\/div>\n\t\t\t\t<div class=\"elementor-element elementor-element-42e7733 elementor-align-justify elementor-widget elementor-widget-button\" data-id=\"42e7733\" data-element_type=\"widget\" data-e-type=\"widget\" data-widget_type=\"button.default\">\n\t\t\t\t<div class=\"elementor-widget-container\">\n\t\t\t\t\t\t\t\t\t<div class=\"elementor-button-wrapper\">\n\t\t\t\t\t<a class=\"elementor-button elementor-button-link elementor-size-sm\" href=\"\/es\/buceador-medico\/\">\n\t\t\t\t\t\t<span class=\"elementor-button-content-wrapper\">\n\t\t\t\t\t\t<span class=\"elementor-button-icon\">\n\t\t\t\t<i aria-hidden=\"true\" class=\"fab fa-wpforms\"><\/i>\t\t\t<\/span>\n\t\t\t\t\t\t\t\t\t<span class=\"elementor-button-text\">Ir al formulario online<\/span>\n\t\t\t\t\t<\/span>\n\t\t\t\t\t<\/a>\n\t\t\t\t<\/div>\n\t\t\t\t\t\t\t\t<\/div>\n\t\t\t\t<\/div>\n\t\t\t\t<\/div>\n\t\t<div class=\"elementor-element elementor-element-7954d0f e-con-full elementor-hidden-desktop elementor-hidden-tablet_extra elementor-hidden-tablet elementor-hidden-mobile e-flex e-con e-parent\" data-id=\"7954d0f\" data-element_type=\"container\" data-e-type=\"container\">\n\t\t\t\t<div class=\"elementor-element elementor-element-8044a0a elementor-widget__width-auto elementor-view-default elementor-widget elementor-widget-icon\" data-id=\"8044a0a\" data-element_type=\"widget\" data-e-type=\"widget\" data-widget_type=\"icon.default\">\n\t\t\t\t<div class=\"elementor-widget-container\">\n\t\t\t\t\t\t\t<div class=\"elementor-icon-wrapper\">\n\t\t\t<div class=\"elementor-icon\">\n\t\t\t<i aria-hidden=\"true\" class=\"fas fa-shield-virus\"><\/i>\t\t\t<\/div>\n\t\t<\/div>\n\t\t\t\t\t\t<\/div>\n\t\t\t\t<\/div>\n\t\t\t\t<div class=\"elementor-element elementor-element-afa3e6f elementor-widget-tablet__width-auto elementor-widget elementor-widget-heading\" data-id=\"afa3e6f\" data-element_type=\"widget\" data-e-type=\"widget\" data-widget_type=\"heading.default\">\n\t\t\t\t<div class=\"elementor-widget-container\">\n\t\t\t\t\t<p class=\"elementor-heading-title elementor-size-default\">Este formulario es obligatorio para <strong>cada actividad<\/strong> hecho con nosotros.<\/p>\t\t\t\t<\/div>\n\t\t\t\t<\/div>\n\t\t\t\t<div class=\"elementor-element elementor-element-67f4393 elementor-widget-divider--view-line elementor-widget elementor-widget-divider\" data-id=\"67f4393\" data-element_type=\"widget\" data-e-type=\"widget\" data-widget_type=\"divider.default\">\n\t\t\t\t<div class=\"elementor-widget-container\">\n\t\t\t\t\t\t\t<div class=\"elementor-divider\">\n\t\t\t<span class=\"elementor-divider-separator\">\n\t\t\t\t\t\t<\/span>\n\t\t<\/div>\n\t\t\t\t\t\t<\/div>\n\t\t\t\t<\/div>\n\t\t\t\t<div class=\"elementor-element elementor-element-2711cdd elementor-widget elementor-widget-heading\" data-id=\"2711cdd\" data-element_type=\"widget\" data-e-type=\"widget\" data-widget_type=\"heading.default\">\n\t\t\t\t<div class=\"elementor-widget-container\">\n\t\t\t\t\t<h5 class=\"elementor-heading-title elementor-size-default\">Formulario de Declaraci\u00f3n Sanitaria \/ COVID-19<\/h5>\t\t\t\t<\/div>\n\t\t\t\t<\/div>\n\t\t\t\t<div class=\"elementor-element elementor-element-d46d532 elementor-widget elementor-widget-text-editor\" data-id=\"d46d532\" data-element_type=\"widget\" data-e-type=\"widget\" data-widget_type=\"text-editor.default\">\n\t\t\t\t<div class=\"elementor-widget-container\">\n\t\t\t\t\t\t\t\t\t<div class=\"page\" title=\"P\u00e1gina 1\"><div class=\"layoutArea\"><div class=\"column\"><p>La finalidad de este cuestionario m\u00e9dico es garantizar que eres m\u00e9dicamente apto para bucear. Responde a las siguientes preguntas con un S\u00cd o un NO. Si no est\u00e1s seguro, responde S\u00cd. Una respuesta positiva significa que puede existir una enfermedad preexistente que podr\u00eda afectar a tu seguridad durante el buceo. Si alguno de estos puntos se aplica a tu caso, debemos pedirte que consultes con un m\u00e9dico, preferiblemente un especialista en medicina del buceo, antes de participar en actividades de buceo.<\/p><\/div><\/div><\/div>\t\t\t\t\t\t\t\t<\/div>\n\t\t\t\t<\/div>\n\t\t\t\t<div class=\"elementor-element elementor-element-2fe863b elementor-align-justify elementor-widget elementor-widget-button\" data-id=\"2fe863b\" data-element_type=\"widget\" data-e-type=\"widget\" data-widget_type=\"button.default\">\n\t\t\t\t<div class=\"elementor-widget-container\">\n\t\t\t\t\t\t\t\t\t<div class=\"elementor-button-wrapper\">\n\t\t\t\t\t<a class=\"elementor-button elementor-button-link elementor-size-sm\" href=\"\/es\/formulario-declaracion-sanitaria-covid-19\/\">\n\t\t\t\t\t\t<span class=\"elementor-button-content-wrapper\">\n\t\t\t\t\t\t<span class=\"elementor-button-icon\">\n\t\t\t\t<i aria-hidden=\"true\" class=\"fab fa-wpforms\"><\/i>\t\t\t<\/span>\n\t\t\t\t\t\t\t\t\t<span class=\"elementor-button-text\">Ir al formulario online<\/span>\n\t\t\t\t\t<\/span>\n\t\t\t\t\t<\/a>\n\t\t\t\t<\/div>\n\t\t\t\t\t\t\t\t<\/div>\n\t\t\t\t<\/div>\n\t\t\t\t<\/div>\n\t\t\t\t<\/div>\n\t\t\t\t<\/div>","protected":false},"excerpt":{"rendered":"<p>Useful documents Documents required to carry out activities For any other information please contact us via Whatsapp, email or call us Liability release form All of our excursions require the completion of this form Before to make an excursion with us it is important to fill up this form to correctly do the checkin procedures. [&hellip;]<\/p>\n","protected":false},"author":1,"featured_media":0,"parent":0,"menu_order":9,"comment_status":"closed","ping_status":"closed","template":"elementor_header_footer","meta":{"footnotes":""},"class_list":["post-10689","page","type-page","status-publish","hentry"],"_links":{"self":[{"href":"https:\/\/sardinia.diverstribe.it\/es\/wp-json\/wp\/v2\/pages\/10689","targetHints":{"allow":["GET"]}}],"collection":[{"href":"https:\/\/sardinia.diverstribe.it\/es\/wp-json\/wp\/v2\/pages"}],"about":[{"href":"https:\/\/sardinia.diverstribe.it\/es\/wp-json\/wp\/v2\/types\/page"}],"author":[{"embeddable":true,"href":"https:\/\/sardinia.diverstribe.it\/es\/wp-json\/wp\/v2\/users\/1"}],"replies":[{"embeddable":true,"href":"https:\/\/sardinia.diverstribe.it\/es\/wp-json\/wp\/v2\/comments?post=10689"}],"version-history":[{"count":0,"href":"https:\/\/sardinia.diverstribe.it\/es\/wp-json\/wp\/v2\/pages\/10689\/revisions"}],"wp:attachment":[{"href":"https:\/\/sardinia.diverstribe.it\/es\/wp-json\/wp\/v2\/media?parent=10689"}],"curies":[{"name":"wp","href":"https:\/\/api.w.org\/{rel}","templated":true}]}}